{"id":147,"date":"2012-11-03T16:20:44","date_gmt":"2012-11-03T14:20:44","guid":{"rendered":"http:\/\/rockpixx.com\/wordpress\/?page_id=147"},"modified":"2022-11-16T18:32:24","modified_gmt":"2022-11-16T17:32:24","slug":"impressum","status":"publish","type":"page","link":"http:\/\/www.rockpixx.com\/wordpress\/impressum\/","title":{"rendered":"Impressum"},"content":{"rendered":"<div class=\"wp-block-image\">\n<figure class=\"alignright\"><img loading=\"lazy\" decoding=\"async\" width=\"120\" height=\"156\" data-attachment-id=\"21762\" data-permalink=\"http:\/\/www.rockpixx.com\/wordpress\/impressum\/erecht24-siegel-impressum-rot\/\" data-orig-file=\"http:\/\/www.rockpixx.com\/wordpress\/wp-content\/uploads\/2018\/05\/erecht24-siegel-impressum-rot.png\" data-orig-size=\"120,156\" data-comments-opened=\"1\" data-image-meta=\"{&quot;aperture&quot;:&quot;0&quot;,&quot;credit&quot;:&quot;&quot;,&quot;camera&quot;:&quot;&quot;,&quot;caption&quot;:&quot;&quot;,&quot;created_timestamp&quot;:&quot;0&quot;,&quot;copyright&quot;:&quot;&quot;,&quot;focal_length&quot;:&quot;0&quot;,&quot;iso&quot;:&quot;0&quot;,&quot;shutter_speed&quot;:&quot;0&quot;,&quot;title&quot;:&quot;&quot;,&quot;orientation&quot;:&quot;0&quot;}\" data-image-title=\"erecht24-siegel-impressum-rot\" data-image-description=\"\" data-image-caption=\"\" data-medium-file=\"http:\/\/www.rockpixx.com\/wordpress\/wp-content\/uploads\/2018\/05\/erecht24-siegel-impressum-rot.png\" data-large-file=\"http:\/\/www.rockpixx.com\/wordpress\/wp-content\/uploads\/2018\/05\/erecht24-siegel-impressum-rot.png\" src=\"http:\/\/www.rockpixx.com\/wordpress\/wp-content\/uploads\/2018\/05\/erecht24-siegel-impressum-rot.png\" alt=\"\" class=\"wp-image-21762\"\/><\/figure>\n<\/div>\n\n\n<p>rockpixx.com ist ein Gesch\u00e4ftsbereich von <a title=\"Werbung seit 1986 \u2013 druck | online | foto\" href=\"http:\/\/www.double-a-design.de\" target=\"_blank\" rel=\"noopener noreferrer\">DOUBLE-A-DESIGN<\/a>.<\/p>\n\n\n<div style=\"word-wrap: break-word;\">\n\n<p>Anja Roselt<br \/>\nrockpixx.com | premium concertpics<br \/>\nChristian-Albrecht-Stra&szlig;e 13<br \/>\n24837 Schleswig<\/p>\n\n<h2>Kontakt<\/h2>\n<p>Telefon: 04621-9774878<br \/>\nTelefax: 04621-9774879<br \/>\nE-Mail: info@rockpixx.com<\/p>\n\n<h2>Umsatzsteuer-ID<\/h2>\n<p>Umsatzsteuer-Identifikationsnummer gem&auml;&szlig; &sect; 27 a Umsatzsteuergesetz:<br \/>\nDE286119754<\/p>\n\n<h2>Redaktionell verantwortlich<\/h2>\n<p>Anja Roselt<br \/>\r\nChristian-Albrecht-Stra&szlig;e 13<br \/>\r\n24837 Schleswig<\/p>\n\n<h2>Verbraucher&shy;streit&shy;beilegung\/Universal&shy;schlichtungs&shy;stelle<\/h2>\n<p>Wir sind nicht bereit oder verpflichtet, an Streitbeilegungsverfahren vor einer Verbraucherschlichtungsstelle teilzunehmen.<\/p><\/div>","protected":false},"excerpt":{"rendered":"<p>rockpixx.com ist ein Gesch\u00e4ftsbereich von DOUBLE-A-DESIGN.<\/p>\n","protected":false},"author":1,"featured_media":0,"parent":0,"menu_order":0,"comment_status":"closed","ping_status":"open","template":"template-full-width.php","meta":{"footnotes":""},"class_list":["post-147","page","type-page","status-publish","hentry"],"aioseo_notices":[],"jetpack-related-posts":[{"id":8018,"url":"http:\/\/www.rockpixx.com\/wordpress\/rockpixx-com-das-team\/","url_meta":{"origin":147,"position":0},"title":"rockpixx.com | Das Team","author":"admin","date":"2. Februar 2013","format":false,"excerpt":"\u201eSee the music!\u201c \u2026 das ist unser Motto. Und diesem Motto stellen wir uns seit vielen Jahren jedes Mal, wenn wir im Graben oder auf einer B\u00fchne stehen: Irgendeine Kamera im Anschlag, voll konzentriert auf die Action im Sucher, dabei gleichzeitig mit dem anderen Auge das restliche Geschehen auf der\u2026","rel":"","context":"\u00c4hnlicher Beitrag","block_context":{"text":"\u00c4hnlicher Beitrag","link":""},"img":{"alt_text":"Alexander Hahl","src":"https:\/\/i0.wp.com\/rockpixx.com\/wordpress\/wp-content\/uploads\/2013\/02\/ah.jpg?resize=350%2C200","width":350,"height":200},"classes":[]},{"id":17536,"url":"http:\/\/www.rockpixx.com\/wordpress\/hinweis-zum-urheberrecht\/","url_meta":{"origin":147,"position":1},"title":"Hinweis zum Urheberrecht","author":"admin","date":"1. M\u00e4rz 2015","format":false,"excerpt":"Wir weisen darauf hin, dass unsere Bilder nicht beliebig und ungefragt weiterverwendet werdem d\u00fcrfen. Die hier auf http:\/\/rockpixx.com gezeigten Bilder d\u00fcrfen nur nach schriftlicher Zustimmung von rockpixx.com verwendet werden. Art und Umfang der Verwendung wird in der schriftlichen Zustimmung durch rockpixx.com geregelt und beschrieben. rockpixx.com beh\u00e4lt sich vor, gegen unrechtm\u00e4\u00dfige\u2026","rel":"","context":"\u00c4hnlicher Beitrag","block_context":{"text":"\u00c4hnlicher Beitrag","link":""},"img":{"alt_text":"","src":"","width":0,"height":0},"classes":[]},{"id":151,"url":"http:\/\/www.rockpixx.com\/wordpress\/chornologie\/","url_meta":{"origin":147,"position":2},"title":"Chronologie von rockpixx.com","author":"admin","date":"3. November 2012","format":false,"excerpt":"Alle \u00c4nderungen an rockpixx.com \u2013 von den Anf\u00e4ngen bis heute. Einfach per Drag and Drop in den gro\u00dfen Bereich der Tage (Slow-Scroll) oder in den unteren kleinen Bereich der Jahre (Fast-Scroll) die Maus bewegen! Bedeutung der Farben: Reviews und Bilder | Blogeintr\u00e4ge | Sondergalerien | Updates [similetimeline]","rel":"","context":"\u00c4hnlicher Beitrag","block_context":{"text":"\u00c4hnlicher Beitrag","link":""},"img":{"alt_text":"","src":"","width":0,"height":0},"classes":[]},{"id":10154,"url":"http:\/\/www.rockpixx.com\/wordpress\/previews-ubersicht\/","url_meta":{"origin":147,"position":3},"title":"PreViews | \u00dcbersicht","author":"admin","date":"20. M\u00e4rz 2013","format":false,"excerpt":"Von diesen Veranstaltungen werden wir in der n\u00e4chsten Zeit berichten:","rel":"","context":"Mit 1 Kommentar","block_context":{"text":"Mit 1 Kommentar","link":"http:\/\/www.rockpixx.com\/wordpress\/previews-ubersicht\/#comments"},"img":{"alt_text":"","src":"","width":0,"height":0},"classes":[]},{"id":5371,"url":"http:\/\/www.rockpixx.com\/wordpress\/interview-im-radio\/","url_meta":{"origin":147,"position":4},"title":"Interview im Radio","author":"admin","date":"11. September 2011","format":false,"excerpt":"Radio-Interview in \u201e60 Minuten in Berlin\u201c Am 11.09.2011 bin ich dann endlich auch einmal im Radio gelandet: Viktor B\u00fcttner von \u2192 \u201e60 Minuten in Berlin\u201c hat mich eine Stunde in seiner Sendung per Telefon als Gast gehabt und die gesamte Sendung \u2013 inklusive meiner ganzen \u201e\u00e4hs\u201c ging live bei \u2192\u2026","rel":"","context":"Mit 4 Kommentaren","block_context":{"text":"Mit 4 Kommentaren","link":"http:\/\/www.rockpixx.com\/wordpress\/interview-im-radio\/#comments"},"img":{"alt_text":"","src":"","width":0,"height":0},"classes":[]},{"id":91,"url":"http:\/\/www.rockpixx.com\/wordpress\/","url_meta":{"origin":147,"position":5},"title":"rockpixx.com | premium concertpics","author":"admin","date":"3. November 2012","format":false,"excerpt":"","rel":"","context":"\u00c4hnlicher Beitrag","block_context":{"text":"\u00c4hnlicher Beitrag","link":""},"img":{"alt_text":"","src":"https:\/\/i0.wp.com\/www.rockpixx.com\/wordpress\/wp-content\/uploads\/2012\/11\/seitenbild_2012.jpg?resize=350%2C200","width":350,"height":200},"classes":[]}],"jetpack_sharing_enabled":false,"publishpress_future_action":{"enabled":false,"date":"2026-04-11 02:53:27","action":"change-status","newStatus":"draft","terms":[],"taxonomy":"","extraData":[]},"publishpress_future_workflow_manual_trigger":{"enabledWorkflows":[]},"_links":{"self":[{"href":"http:\/\/www.rockpixx.com\/wordpress\/wp-json\/wp\/v2\/pages\/147","targetHints":{"allow":["GET"]}}],"collection":[{"href":"http:\/\/www.rockpixx.com\/wordpress\/wp-json\/wp\/v2\/pages"}],"about":[{"href":"http:\/\/www.rockpixx.com\/wordpress\/wp-json\/wp\/v2\/types\/page"}],"author":[{"embeddable":true,"href":"http:\/\/www.rockpixx.com\/wordpress\/wp-json\/wp\/v2\/users\/1"}],"replies":[{"embeddable":true,"href":"http:\/\/www.rockpixx.com\/wordpress\/wp-json\/wp\/v2\/comments?post=147"}],"version-history":[{"count":4,"href":"http:\/\/www.rockpixx.com\/wordpress\/wp-json\/wp\/v2\/pages\/147\/revisions"}],"predecessor-version":[{"id":22714,"href":"http:\/\/www.rockpixx.com\/wordpress\/wp-json\/wp\/v2\/pages\/147\/revisions\/22714"}],"wp:attachment":[{"href":"http:\/\/www.rockpixx.com\/wordpress\/wp-json\/wp\/v2\/media?parent=147"}],"curies":[{"name":"wp","href":"https:\/\/api.w.org\/{rel}","templated":true}]}}