{"id":17536,"date":"2015-03-01T21:12:10","date_gmt":"2015-03-01T20:12:10","guid":{"rendered":"http:\/\/rockpixx.com\/wordpress\/?page_id=17536"},"modified":"2020-05-25T16:06:51","modified_gmt":"2020-05-25T15:06:51","slug":"hinweis-zum-urheberrecht","status":"publish","type":"page","link":"http:\/\/www.rockpixx.com\/wordpress\/hinweis-zum-urheberrecht\/","title":{"rendered":"Hinweis zum Urheberrecht"},"content":{"rendered":"<p>Wir weisen darauf hin, dass unsere Bilder nicht beliebig und ungefragt weiterverwendet werdem d\u00fcrfen.<\/p>\n<p>Die hier auf http:\/\/rockpixx.com gezeigten Bilder d\u00fcrfen nur nach schriftlicher Zustimmung von rockpixx.com verwendet werden. Art und Umfang der Verwendung wird in der schriftlichen Zustimmung durch rockpixx.com geregelt und beschrieben.<\/p>\n<p>rockpixx.com beh\u00e4lt sich vor, gegen unrechtm\u00e4\u00dfige Verwendung der hier gezeigten Bilder vorzugehen.<\/p>\n<p>Das gilt insbesondere auch f\u00fcr das Hochladen von Bildern auf facebook, Myspace, etc.<\/p>\n<p>Eine unerlaubte Verwendung unserer Bilder stellt einen Versto\u00df gegen das Urheberrecht dar. Wir weisen ausdr\u00fccklich darauf hin, dass bei einer unerlaubten Verwendung unserer Bilder ein Straf-Aufschlag in f\u00fcnffacher H\u00f6he des normalen Bildhonorares f\u00e4llig wird. Zudem berechnen wir bei unterlassener Quellenangabe bzw. Entfernung dieser aus dem Bildmaterial einen Aufschlag in H\u00f6he von 100% auf das regul\u00e4re Bildhonorar.<\/p>\n","protected":false},"excerpt":{"rendered":"<p>Wir weisen darauf hin, dass unsere Bilder nicht beliebig und ungefragt weiterverwendet werdem d\u00fcrfen. Die <a href=\"http:\/\/www.rockpixx.com\/wordpress\/hinweis-zum-urheberrecht\/\">Read more<\/a><\/p>\n","protected":false},"author":1,"featured_media":0,"parent":0,"menu_order":0,"comment_status":"closed","ping_status":"closed","template":"template-full-width.php","meta":{"footnotes":""},"class_list":["post-17536","page","type-page","status-publish","hentry"],"aioseo_notices":[],"jetpack-related-posts":[{"id":8018,"url":"http:\/\/www.rockpixx.com\/wordpress\/rockpixx-com-das-team\/","url_meta":{"origin":17536,"position":0},"title":"rockpixx.com | Das Team","author":"admin","date":"2. Februar 2013","format":false,"excerpt":"\u201eSee the music!\u201c \u2026 das ist unser Motto. Und diesem Motto stellen wir uns seit vielen Jahren jedes Mal, wenn wir im Graben oder auf einer B\u00fchne stehen: Irgendeine Kamera im Anschlag, voll konzentriert auf die Action im Sucher, dabei gleichzeitig mit dem anderen Auge das restliche Geschehen auf der\u2026","rel":"","context":"\u00c4hnlicher Beitrag","block_context":{"text":"\u00c4hnlicher Beitrag","link":""},"img":{"alt_text":"Alexander Hahl","src":"https:\/\/i0.wp.com\/rockpixx.com\/wordpress\/wp-content\/uploads\/2013\/02\/ah.jpg?resize=350%2C200","width":350,"height":200},"classes":[]},{"id":151,"url":"http:\/\/www.rockpixx.com\/wordpress\/chornologie\/","url_meta":{"origin":17536,"position":1},"title":"Chronologie von rockpixx.com","author":"admin","date":"3. November 2012","format":false,"excerpt":"Alle \u00c4nderungen an rockpixx.com \u2013 von den Anf\u00e4ngen bis heute. Einfach per Drag and Drop in den gro\u00dfen Bereich der Tage (Slow-Scroll) oder in den unteren kleinen Bereich der Jahre (Fast-Scroll) die Maus bewegen! Bedeutung der Farben: Reviews und Bilder | Blogeintr\u00e4ge | Sondergalerien | Updates [similetimeline]","rel":"","context":"\u00c4hnlicher Beitrag","block_context":{"text":"\u00c4hnlicher Beitrag","link":""},"img":{"alt_text":"","src":"","width":0,"height":0},"classes":[]},{"id":10154,"url":"http:\/\/www.rockpixx.com\/wordpress\/previews-ubersicht\/","url_meta":{"origin":17536,"position":2},"title":"PreViews | \u00dcbersicht","author":"admin","date":"20. M\u00e4rz 2013","format":false,"excerpt":"Von diesen Veranstaltungen werden wir in der n\u00e4chsten Zeit berichten:","rel":"","context":"Mit 1 Kommentar","block_context":{"text":"Mit 1 Kommentar","link":"http:\/\/www.rockpixx.com\/wordpress\/previews-ubersicht\/#comments"},"img":{"alt_text":"","src":"","width":0,"height":0},"classes":[]},{"id":9916,"url":"http:\/\/www.rockpixx.com\/wordpress\/andere-bands-ubersicht\/","url_meta":{"origin":17536,"position":3},"title":"andere Bands | alphabetische \u00dcbersicht","author":"admin","date":"16. M\u00e4rz 2013","format":false,"excerpt":"[post-tiles categories='929' posts='50'] \u2026 und wer lieber alle Bands mit allen Gigs in Listenform durchst\u00f6bern m\u00f6chte, der klickt \u2192 hier.","rel":"","context":"\u00c4hnlicher Beitrag","block_context":{"text":"\u00c4hnlicher Beitrag","link":""},"img":{"alt_text":"","src":"","width":0,"height":0},"classes":[]},{"id":5371,"url":"http:\/\/www.rockpixx.com\/wordpress\/interview-im-radio\/","url_meta":{"origin":17536,"position":4},"title":"Interview im Radio","author":"admin","date":"11. September 2011","format":false,"excerpt":"Radio-Interview in \u201e60 Minuten in Berlin\u201c Am 11.09.2011 bin ich dann endlich auch einmal im Radio gelandet: Viktor B\u00fcttner von \u2192 \u201e60 Minuten in Berlin\u201c hat mich eine Stunde in seiner Sendung per Telefon als Gast gehabt und die gesamte Sendung \u2013 inklusive meiner ganzen \u201e\u00e4hs\u201c ging live bei \u2192\u2026","rel":"","context":"Mit 4 Kommentaren","block_context":{"text":"Mit 4 Kommentaren","link":"http:\/\/www.rockpixx.com\/wordpress\/interview-im-radio\/#comments"},"img":{"alt_text":"","src":"","width":0,"height":0},"classes":[]},{"id":580,"url":"http:\/\/www.rockpixx.com\/wordpress\/andere-bands-nach-alphabet\/","url_meta":{"origin":17536,"position":5},"title":"andere Bands nach Alphabet","author":"admin","date":"8. November 2012","format":false,"excerpt":"Hier werden alle Bands mit allen Gigs in Listenform angezeigt. Wer eine \u201emoderne\u201c Darstellung mit vielen Bildern bevorzugt, der klickt \u2192 hier.","rel":"","context":"\u00c4hnlicher Beitrag","block_context":{"text":"\u00c4hnlicher Beitrag","link":""},"img":{"alt_text":"","src":"","width":0,"height":0},"classes":[]}],"jetpack_sharing_enabled":true,"publishpress_future_action":{"enabled":false,"date":"2026-05-08 07:22:03","action":"change-status","newStatus":"draft","terms":[],"taxonomy":"","extraData":[]},"publishpress_future_workflow_manual_trigger":{"enabledWorkflows":[]},"_links":{"self":[{"href":"http:\/\/www.rockpixx.com\/wordpress\/wp-json\/wp\/v2\/pages\/17536","targetHints":{"allow":["GET"]}}],"collection":[{"href":"http:\/\/www.rockpixx.com\/wordpress\/wp-json\/wp\/v2\/pages"}],"about":[{"href":"http:\/\/www.rockpixx.com\/wordpress\/wp-json\/wp\/v2\/types\/page"}],"author":[{"embeddable":true,"href":"http:\/\/www.rockpixx.com\/wordpress\/wp-json\/wp\/v2\/users\/1"}],"replies":[{"embeddable":true,"href":"http:\/\/www.rockpixx.com\/wordpress\/wp-json\/wp\/v2\/comments?post=17536"}],"version-history":[{"count":1,"href":"http:\/\/www.rockpixx.com\/wordpress\/wp-json\/wp\/v2\/pages\/17536\/revisions"}],"predecessor-version":[{"id":22464,"href":"http:\/\/www.rockpixx.com\/wordpress\/wp-json\/wp\/v2\/pages\/17536\/revisions\/22464"}],"wp:attachment":[{"href":"http:\/\/www.rockpixx.com\/wordpress\/wp-json\/wp\/v2\/media?parent=17536"}],"curies":[{"name":"wp","href":"https:\/\/api.w.org\/{rel}","templated":true}]}}