{"id":5371,"date":"2011-09-11T02:58:18","date_gmt":"2011-09-11T00:58:18","guid":{"rendered":"http:\/\/rockpixx.com\/wordpress\/?page_id=5371"},"modified":"2019-06-11T19:33:11","modified_gmt":"2019-06-11T18:33:11","slug":"interview-im-radio","status":"publish","type":"page","link":"http:\/\/www.rockpixx.com\/wordpress\/interview-im-radio\/","title":{"rendered":"Interview im Radio"},"content":{"rendered":"<h2>Radio-Interview in \u201e60 Minuten in Berlin\u201c<\/h2>\n<p>Am 11.09.2011 bin ich dann endlich auch einmal im Radio gelandet: Viktor B\u00fcttner von \u2192 <a title=\"60minuten.net\" href=\"http:\/\/60minuten.net\" target=\"_blank\" rel=\"noopener noreferrer\">\u201e60 Minuten in Berlin\u201c<\/a> hat mich eine Stunde in seiner Sendung per Telefon als Gast gehabt und die gesamte Sendung \u2013 inklusive meiner ganzen \u201e\u00e4hs\u201c ging live bei \u2192 <a title=\"88vier\" href=\"http:\/\/88vier.de\" target=\"_blank\" rel=\"noopener noreferrer\">88vier<\/a> in Berlin und Brandenburg \u00fcber den \u00c4ther und weltweit als Stream ins Netz.<\/p>\n<p>Einen Mitschnitt des gesamten Interviews gibt es nun wieder hier in 6 Teilen \u2013 jeweils als MP3.<\/p>\n<p>Teil-1, 5:30:<\/p>\n<audio class=\"wp-audio-shortcode\" id=\"audio-5371-1\" preload=\"none\" style=\"width: 100%;\" controls=\"controls\"><source type=\"audio\/mpeg\" src=\"http:\/\/rockpixx.com\/wordpress\/wp-content\/uploads\/2011\/09\/88vier_20110911-1.mp3?_=1\" \/><a href=\"http:\/\/rockpixx.com\/wordpress\/wp-content\/uploads\/2011\/09\/88vier_20110911-1.mp3\">http:\/\/rockpixx.com\/wordpress\/wp-content\/uploads\/2011\/09\/88vier_20110911-1.mp3<\/a><\/audio>\n<p>Teil-2, 4:35:<br \/>\n<audio class=\"wp-audio-shortcode\" id=\"audio-5371-2\" preload=\"none\" style=\"width: 100%;\" controls=\"controls\"><source type=\"audio\/mpeg\" src=\"http:\/\/rockpixx.com\/wordpress\/wp-content\/uploads\/2013\/02\/88vier_20110911-2.mp3?_=2\" \/><a href=\"http:\/\/rockpixx.com\/wordpress\/wp-content\/uploads\/2013\/02\/88vier_20110911-2.mp3\">http:\/\/rockpixx.com\/wordpress\/wp-content\/uploads\/2013\/02\/88vier_20110911-2.mp3<\/a><\/audio><\/p>\n<p>Teil-3, 2:28:<br \/>\n<audio class=\"wp-audio-shortcode\" id=\"audio-5371-3\" preload=\"none\" style=\"width: 100%;\" controls=\"controls\"><source type=\"audio\/mpeg\" src=\"http:\/\/rockpixx.com\/wordpress\/wp-content\/uploads\/2013\/02\/88vier_20110911-3.mp3?_=3\" \/><a href=\"http:\/\/rockpixx.com\/wordpress\/wp-content\/uploads\/2013\/02\/88vier_20110911-3.mp3\">http:\/\/rockpixx.com\/wordpress\/wp-content\/uploads\/2013\/02\/88vier_20110911-3.mp3<\/a><\/audio><\/p>\n<p>Teil-4, 6:00:<br \/>\n<audio class=\"wp-audio-shortcode\" id=\"audio-5371-4\" preload=\"none\" style=\"width: 100%;\" controls=\"controls\"><source type=\"audio\/mpeg\" src=\"http:\/\/rockpixx.com\/wordpress\/wp-content\/uploads\/2013\/02\/88vier_20110911-4.mp3?_=4\" \/><a href=\"http:\/\/rockpixx.com\/wordpress\/wp-content\/uploads\/2013\/02\/88vier_20110911-4.mp3\">http:\/\/rockpixx.com\/wordpress\/wp-content\/uploads\/2013\/02\/88vier_20110911-4.mp3<\/a><\/audio><\/p>\n<p>Teil-5, 5:36:<br \/>\n<audio class=\"wp-audio-shortcode\" id=\"audio-5371-5\" preload=\"none\" style=\"width: 100%;\" controls=\"controls\"><source type=\"audio\/mpeg\" src=\"http:\/\/rockpixx.com\/wordpress\/wp-content\/uploads\/2013\/02\/88vier_20110911-5.mp3?_=5\" \/><a href=\"http:\/\/rockpixx.com\/wordpress\/wp-content\/uploads\/2013\/02\/88vier_20110911-5.mp3\">http:\/\/rockpixx.com\/wordpress\/wp-content\/uploads\/2013\/02\/88vier_20110911-5.mp3<\/a><\/audio><\/p>\n<p>Teil-6, 1:43:<br \/>\n<audio class=\"wp-audio-shortcode\" id=\"audio-5371-6\" preload=\"none\" style=\"width: 100%;\" controls=\"controls\"><source type=\"audio\/mpeg\" src=\"http:\/\/rockpixx.com\/wordpress\/wp-content\/uploads\/2013\/02\/88vier_20110911-6.mp3?_=6\" \/><a href=\"http:\/\/rockpixx.com\/wordpress\/wp-content\/uploads\/2013\/02\/88vier_20110911-6.mp3\">http:\/\/rockpixx.com\/wordpress\/wp-content\/uploads\/2013\/02\/88vier_20110911-6.mp3<\/a><\/audio><\/p>\n<p>&nbsp;<\/p>\n<p>&nbsp;<\/p>\n","protected":false},"excerpt":{"rendered":"<p>Radio-Interview in \u201e60 Minuten in Berlin\u201c Am 11.09.2011 bin ich dann endlich auch einmal im <a href=\"http:\/\/www.rockpixx.com\/wordpress\/interview-im-radio\/\">Read more<\/a><\/p>\n","protected":false},"author":1,"featured_media":0,"parent":0,"menu_order":0,"comment_status":"closed","ping_status":"open","template":"","meta":{"footnotes":""},"class_list":["post-5371","page","type-page","status-publish","hentry"],"aioseo_notices":[],"jetpack-related-posts":[{"id":8018,"url":"http:\/\/www.rockpixx.com\/wordpress\/rockpixx-com-das-team\/","url_meta":{"origin":5371,"position":0},"title":"rockpixx.com | Das Team","author":"admin","date":"2. Februar 2013","format":false,"excerpt":"\u201eSee the music!\u201c \u2026 das ist unser Motto. Und diesem Motto stellen wir uns seit vielen Jahren jedes Mal, wenn wir im Graben oder auf einer B\u00fchne stehen: Irgendeine Kamera im Anschlag, voll konzentriert auf die Action im Sucher, dabei gleichzeitig mit dem anderen Auge das restliche Geschehen auf der\u2026","rel":"","context":"\u00c4hnlicher Beitrag","block_context":{"text":"\u00c4hnlicher Beitrag","link":""},"img":{"alt_text":"Alexander Hahl","src":"https:\/\/i0.wp.com\/rockpixx.com\/wordpress\/wp-content\/uploads\/2013\/02\/ah.jpg?resize=350%2C200","width":350,"height":200},"classes":[]},{"id":17730,"url":"http:\/\/www.rockpixx.com\/wordpress\/tree2\/","url_meta":{"origin":5371,"position":1},"title":"Tree2","author":"admin","date":"22. M\u00e4rz 2015","format":false,"excerpt":"","rel":"","context":"\u00c4hnlicher Beitrag","block_context":{"text":"\u00c4hnlicher Beitrag","link":""},"img":{"alt_text":"","src":"","width":0,"height":0},"classes":[]},{"id":9936,"url":"http:\/\/www.rockpixx.com\/wordpress\/topacts-alphabetische-ubersicht\/","url_meta":{"origin":5371,"position":2},"title":"&#8230; see more music | ausgew\u00e4hlte Acts","author":"admin","date":"19. M\u00e4rz 2013","format":false,"excerpt":"","rel":"","context":"\u00c4hnlicher Beitrag","block_context":{"text":"\u00c4hnlicher Beitrag","link":""},"img":{"alt_text":"","src":"","width":0,"height":0},"classes":[]},{"id":10154,"url":"http:\/\/www.rockpixx.com\/wordpress\/previews-ubersicht\/","url_meta":{"origin":5371,"position":3},"title":"PreViews | \u00dcbersicht","author":"admin","date":"20. M\u00e4rz 2013","format":false,"excerpt":"Von diesen Veranstaltungen werden wir in der n\u00e4chsten Zeit berichten:","rel":"","context":"Mit 1 Kommentar","block_context":{"text":"Mit 1 Kommentar","link":"http:\/\/www.rockpixx.com\/wordpress\/previews-ubersicht\/#comments"},"img":{"alt_text":"","src":"","width":0,"height":0},"classes":[]},{"id":17536,"url":"http:\/\/www.rockpixx.com\/wordpress\/hinweis-zum-urheberrecht\/","url_meta":{"origin":5371,"position":4},"title":"Hinweis zum Urheberrecht","author":"admin","date":"1. M\u00e4rz 2015","format":false,"excerpt":"Wir weisen darauf hin, dass unsere Bilder nicht beliebig und ungefragt weiterverwendet werdem d\u00fcrfen. Die hier auf http:\/\/rockpixx.com gezeigten Bilder d\u00fcrfen nur nach schriftlicher Zustimmung von rockpixx.com verwendet werden. Art und Umfang der Verwendung wird in der schriftlichen Zustimmung durch rockpixx.com geregelt und beschrieben. rockpixx.com beh\u00e4lt sich vor, gegen unrechtm\u00e4\u00dfige\u2026","rel":"","context":"\u00c4hnlicher Beitrag","block_context":{"text":"\u00c4hnlicher Beitrag","link":""},"img":{"alt_text":"","src":"","width":0,"height":0},"classes":[]},{"id":151,"url":"http:\/\/www.rockpixx.com\/wordpress\/chornologie\/","url_meta":{"origin":5371,"position":5},"title":"Chronologie von rockpixx.com","author":"admin","date":"3. November 2012","format":false,"excerpt":"Alle \u00c4nderungen an rockpixx.com \u2013 von den Anf\u00e4ngen bis heute. Einfach per Drag and Drop in den gro\u00dfen Bereich der Tage (Slow-Scroll) oder in den unteren kleinen Bereich der Jahre (Fast-Scroll) die Maus bewegen! Bedeutung der Farben: Reviews und Bilder | Blogeintr\u00e4ge | Sondergalerien | Updates [similetimeline]","rel":"","context":"\u00c4hnlicher Beitrag","block_context":{"text":"\u00c4hnlicher Beitrag","link":""},"img":{"alt_text":"","src":"","width":0,"height":0},"classes":[]}],"jetpack_sharing_enabled":true,"publishpress_future_action":{"enabled":false,"date":"2026-05-23 14:37:02","action":"change-status","newStatus":"draft","terms":[],"taxonomy":"","extraData":[]},"publishpress_future_workflow_manual_trigger":{"enabledWorkflows":[]},"_links":{"self":[{"href":"http:\/\/www.rockpixx.com\/wordpress\/wp-json\/wp\/v2\/pages\/5371","targetHints":{"allow":["GET"]}}],"collection":[{"href":"http:\/\/www.rockpixx.com\/wordpress\/wp-json\/wp\/v2\/pages"}],"about":[{"href":"http:\/\/www.rockpixx.com\/wordpress\/wp-json\/wp\/v2\/types\/page"}],"author":[{"embeddable":true,"href":"http:\/\/www.rockpixx.com\/wordpress\/wp-json\/wp\/v2\/users\/1"}],"replies":[{"embeddable":true,"href":"http:\/\/www.rockpixx.com\/wordpress\/wp-json\/wp\/v2\/comments?post=5371"}],"version-history":[{"count":1,"href":"http:\/\/www.rockpixx.com\/wordpress\/wp-json\/wp\/v2\/pages\/5371\/revisions"}],"predecessor-version":[{"id":22195,"href":"http:\/\/www.rockpixx.com\/wordpress\/wp-json\/wp\/v2\/pages\/5371\/revisions\/22195"}],"wp:attachment":[{"href":"http:\/\/www.rockpixx.com\/wordpress\/wp-json\/wp\/v2\/media?parent=5371"}],"curies":[{"name":"wp","href":"https:\/\/api.w.org\/{rel}","templated":true}]}}