{"id":8018,"date":"2013-02-02T04:43:03","date_gmt":"2013-02-02T02:43:03","guid":{"rendered":"http:\/\/rockpixx.com\/wordpress\/?page_id=8018"},"modified":"2013-02-09T01:26:29","modified_gmt":"2013-02-09T00:26:29","slug":"rockpixx-com-das-team","status":"publish","type":"page","link":"http:\/\/www.rockpixx.com\/wordpress\/rockpixx-com-das-team\/","title":{"rendered":"rockpixx.com | Das Team"},"content":{"rendered":"<h2>\u201eSee the music!\u201c<\/h2>\n<p>\u2026 das ist unser Motto. Und diesem Motto stellen wir uns seit vielen Jahren jedes Mal, wenn wir im Graben oder auf einer B\u00fchne stehen: Irgendeine Kamera im Anschlag, voll konzentriert auf die Action im Sucher, dabei gleichzeitig mit dem anderen Auge das restliche Geschehen auf der B\u00fchne beobachten, gleichzeitig auf Nuancen in der Musik achten und dann im entscheidenden Augenblick abdr\u00fccken (\u201eDauerfeuer\u201c ist f\u00fcr M\u00e4dchen) \u2013 so entstehen unsere Bilder.<\/p>\n<p>\u00dcber die Jahre hinweg sind dabei auch ganz wundervolle Bekanntschaften und Freundschaften zu Musikern im In- und Ausland sowie zu Veranstaltern und Bookern entstanden. Viele Musiker freuen sich, wenn wir uns zu einem Gig ank\u00fcndigen bzw. laden uns von sich aus ein. Selbst \u201ebackstage\u201c sind wir mit unseren Kameras gerne gesehen und dieser Vertrauensbeweis spricht f\u00fcr sich.<\/p>\n<p>Oft werden wir gefragt \u201eWas f\u00fcr eine Ausr\u00fcstung nutzt Ihr eigentlich?\u201c oder wir werden vor Ort auf Kameraeinstellungen oder die Vor- und Nachteile unseres mitgef\u00fchrten Equipments angesprochen. Diese ganze Thematik ist f\u00fcr uns v\u00f6llig uninteressant. Ja, wir haben Kameras und Objektive und ja, wir haben diese Ausr\u00fcstungsgegenst\u00e4nde aus bestimmten Gr\u00fcnden, Punkt. Und unsere RAWs entwickeln wir auch selbst.<\/p>\n<p><strong>Es z\u00e4hlt das Bild, nicht das Werkzeug!<br \/>\n<\/strong>Und aus diesem Grund gibt es nachfolgend auch nicht die \u00fcblichen Poser-Fotos mit dicker Kamera in der Hand oder \u2013 schlimmer noch \u2013 vor dem Gesicht.<strong><br \/>\n<\/strong><\/p>\n<table class=\"custom-table style-2\"><tr><td><\/p>\n<p><img loading=\"lazy\" decoding=\"async\" data-attachment-id=\"8019\" data-permalink=\"http:\/\/www.rockpixx.com\/wordpress\/rockpixx-com-das-team\/ah\/\" data-orig-file=\"http:\/\/www.rockpixx.com\/wordpress\/wp-content\/uploads\/2013\/02\/ah.jpg\" data-orig-size=\"400,400\" data-comments-opened=\"0\" data-image-meta=\"{&quot;aperture&quot;:&quot;0&quot;,&quot;credit&quot;:&quot;&quot;,&quot;camera&quot;:&quot;&quot;,&quot;caption&quot;:&quot;&quot;,&quot;created_timestamp&quot;:&quot;0&quot;,&quot;copyright&quot;:&quot;&quot;,&quot;focal_length&quot;:&quot;0&quot;,&quot;iso&quot;:&quot;0&quot;,&quot;shutter_speed&quot;:&quot;0&quot;,&quot;title&quot;:&quot;&quot;}\" data-image-title=\"Alexander Hahl\" data-image-description=\"&lt;p&gt;Alexander Hahl&lt;\/p&gt;\n\" data-image-caption=\"&lt;p&gt;Alexander Hahl&lt;\/p&gt;\n\" data-large-file=\"http:\/\/www.rockpixx.com\/wordpress\/wp-content\/uploads\/2013\/02\/ah.jpg\" class=\" wp-image-8019  \" alt=\"Alexander Hahl\" src=\"http:\/\/rockpixx.com\/wordpress\/wp-content\/uploads\/2013\/02\/ah.jpg\" width=\"224\" height=\"224\" srcset=\"http:\/\/www.rockpixx.com\/wordpress\/wp-content\/uploads\/2013\/02\/ah.jpg 400w, http:\/\/www.rockpixx.com\/wordpress\/wp-content\/uploads\/2013\/02\/ah-150x150.jpg 150w, http:\/\/www.rockpixx.com\/wordpress\/wp-content\/uploads\/2013\/02\/ah-300x300.jpg 300w, http:\/\/www.rockpixx.com\/wordpress\/wp-content\/uploads\/2013\/02\/ah-144x144.jpg 144w, http:\/\/www.rockpixx.com\/wordpress\/wp-content\/uploads\/2013\/02\/ah-50x50.jpg 50w, http:\/\/www.rockpixx.com\/wordpress\/wp-content\/uploads\/2013\/02\/ah-115x115.jpg 115w\" sizes=\"auto, (max-width: 224px) 100vw, 224px\" \/><\/p>\n<p><\/td><td><\/p>\n<h2>Alexander Hahl<\/h2>\n<ul>\n<li><strong>Fotografiert seit:<\/strong> 1978, Konzerte seit 2004<\/li>\n<li><strong>Ausr\u00fcstung:<\/strong> vorhanden<\/li>\n<li><strong>Geh\u00f6rschutz:<\/strong> Alpine MusicSafe<\/li>\n<li><strong>Weitere Aufgaben bei rockpixx.com:<\/strong> Programmierung und Design der Seite, Content-Management, EBV<\/li>\n<li><strong>Kontakt:<\/strong> jederzeit per \u2192 <a href=\"mailto:info@rockpixx.com\">Mail<\/a>, nach dem Konzert in der Halle oder auf dem Gel\u00e4nde, davor mit Einschr\u00e4nkungen, keinesfalls w\u00e4hrend ich im Graben stehe<\/li>\n<\/ul>\n<p><\/td><\/tr><tr><td> <\/td><td> <\/td><\/tr><tr><td><\/p>\n<p><img loading=\"lazy\" decoding=\"async\" data-attachment-id=\"8020\" data-permalink=\"http:\/\/www.rockpixx.com\/wordpress\/rockpixx-com-das-team\/ar\/\" data-orig-file=\"http:\/\/www.rockpixx.com\/wordpress\/wp-content\/uploads\/2013\/02\/ar.jpg\" data-orig-size=\"400,400\" data-comments-opened=\"0\" data-image-meta=\"{&quot;aperture&quot;:&quot;0&quot;,&quot;credit&quot;:&quot;&quot;,&quot;camera&quot;:&quot;&quot;,&quot;caption&quot;:&quot;&quot;,&quot;created_timestamp&quot;:&quot;0&quot;,&quot;copyright&quot;:&quot;A. Hahl | double-a-design&quot;,&quot;focal_length&quot;:&quot;0&quot;,&quot;iso&quot;:&quot;0&quot;,&quot;shutter_speed&quot;:&quot;0&quot;,&quot;title&quot;:&quot;&quot;}\" data-image-title=\"ar\" data-image-description=\"\" data-image-caption=\"\" data-large-file=\"http:\/\/www.rockpixx.com\/wordpress\/wp-content\/uploads\/2013\/02\/ar.jpg\" class=\" wp-image-8020  \" title=\"Anja Roselt\" alt=\"Anja Roselt\" src=\"http:\/\/rockpixx.com\/wordpress\/wp-content\/uploads\/2013\/02\/ar.jpg\" width=\"224\" height=\"224\" srcset=\"http:\/\/www.rockpixx.com\/wordpress\/wp-content\/uploads\/2013\/02\/ar.jpg 400w, http:\/\/www.rockpixx.com\/wordpress\/wp-content\/uploads\/2013\/02\/ar-150x150.jpg 150w, http:\/\/www.rockpixx.com\/wordpress\/wp-content\/uploads\/2013\/02\/ar-300x300.jpg 300w, http:\/\/www.rockpixx.com\/wordpress\/wp-content\/uploads\/2013\/02\/ar-144x144.jpg 144w, http:\/\/www.rockpixx.com\/wordpress\/wp-content\/uploads\/2013\/02\/ar-50x50.jpg 50w, http:\/\/www.rockpixx.com\/wordpress\/wp-content\/uploads\/2013\/02\/ar-115x115.jpg 115w\" sizes=\"auto, (max-width: 224px) 100vw, 224px\" \/><\/p>\n<p><\/td><td><\/p>\n<h2>Anja S. Roselt<\/h2>\n<ul>\n<li><strong>Fotografiert seit:<\/strong> 1995, Konzerte seit 2008<\/li>\n<li><strong>Ausr\u00fcstung:<\/strong> vorhanden<\/li>\n<li><strong>Geh\u00f6rschutz:<\/strong> Alpine MusicSafe<\/li>\n<li><strong>Weitere Aufgaben bei rockpixx.com:<\/strong> Akkreditierungen, Content-Management, Hotel- und Transport-Bookings, Office<\/li>\n<li><strong>Kontakt:<\/strong> jederzeit per \u2192 <a href=\"mailto:a.roselt@rockpixx.com\">Mail<\/a>, nach dem Konzert in der Halle oder auf dem Gel\u00e4nde, davor mit Einschr\u00e4nkungen, keinesfalls w\u00e4hrend ich im Graben stehe<\/li>\n<\/ul>\n<p><\/td><\/tr><\/table>\n","protected":false},"excerpt":{"rendered":"<p>\u201eSee the music!\u201c \u2026 das ist unser Motto. Und diesem Motto stellen wir uns seit <a href=\"http:\/\/www.rockpixx.com\/wordpress\/rockpixx-com-das-team\/\">Read more<\/a><\/p>\n","protected":false},"author":1,"featured_media":0,"parent":0,"menu_order":0,"comment_status":"closed","ping_status":"closed","template":"","meta":{"footnotes":""},"class_list":["post-8018","page","type-page","status-publish","hentry"],"aioseo_notices":[],"jetpack-related-posts":[{"id":17536,"url":"http:\/\/www.rockpixx.com\/wordpress\/hinweis-zum-urheberrecht\/","url_meta":{"origin":8018,"position":0},"title":"Hinweis zum Urheberrecht","author":"admin","date":"1. M\u00e4rz 2015","format":false,"excerpt":"Wir weisen darauf hin, dass unsere Bilder nicht beliebig und ungefragt weiterverwendet werdem d\u00fcrfen. Die hier auf http:\/\/rockpixx.com gezeigten Bilder d\u00fcrfen nur nach schriftlicher Zustimmung von rockpixx.com verwendet werden. Art und Umfang der Verwendung wird in der schriftlichen Zustimmung durch rockpixx.com geregelt und beschrieben. rockpixx.com beh\u00e4lt sich vor, gegen unrechtm\u00e4\u00dfige\u2026","rel":"","context":"\u00c4hnlicher Beitrag","block_context":{"text":"\u00c4hnlicher Beitrag","link":""},"img":{"alt_text":"","src":"","width":0,"height":0},"classes":[]},{"id":5371,"url":"http:\/\/www.rockpixx.com\/wordpress\/interview-im-radio\/","url_meta":{"origin":8018,"position":1},"title":"Interview im Radio","author":"admin","date":"11. September 2011","format":false,"excerpt":"Radio-Interview in \u201e60 Minuten in Berlin\u201c Am 11.09.2011 bin ich dann endlich auch einmal im Radio gelandet: Viktor B\u00fcttner von \u2192 \u201e60 Minuten in Berlin\u201c hat mich eine Stunde in seiner Sendung per Telefon als Gast gehabt und die gesamte Sendung \u2013 inklusive meiner ganzen \u201e\u00e4hs\u201c ging live bei \u2192\u2026","rel":"","context":"Mit 4 Kommentaren","block_context":{"text":"Mit 4 Kommentaren","link":"http:\/\/www.rockpixx.com\/wordpress\/interview-im-radio\/#comments"},"img":{"alt_text":"","src":"","width":0,"height":0},"classes":[]},{"id":9916,"url":"http:\/\/www.rockpixx.com\/wordpress\/andere-bands-ubersicht\/","url_meta":{"origin":8018,"position":2},"title":"andere Bands | alphabetische \u00dcbersicht","author":"admin","date":"16. M\u00e4rz 2013","format":false,"excerpt":"[post-tiles categories='929' posts='50'] \u2026 und wer lieber alle Bands mit allen Gigs in Listenform durchst\u00f6bern m\u00f6chte, der klickt \u2192 hier.","rel":"","context":"\u00c4hnlicher Beitrag","block_context":{"text":"\u00c4hnlicher Beitrag","link":""},"img":{"alt_text":"","src":"","width":0,"height":0},"classes":[]},{"id":151,"url":"http:\/\/www.rockpixx.com\/wordpress\/chornologie\/","url_meta":{"origin":8018,"position":3},"title":"Chronologie von rockpixx.com","author":"admin","date":"3. November 2012","format":false,"excerpt":"Alle \u00c4nderungen an rockpixx.com \u2013 von den Anf\u00e4ngen bis heute. Einfach per Drag and Drop in den gro\u00dfen Bereich der Tage (Slow-Scroll) oder in den unteren kleinen Bereich der Jahre (Fast-Scroll) die Maus bewegen! Bedeutung der Farben: Reviews und Bilder | Blogeintr\u00e4ge | Sondergalerien | Updates [similetimeline]","rel":"","context":"\u00c4hnlicher Beitrag","block_context":{"text":"\u00c4hnlicher Beitrag","link":""},"img":{"alt_text":"","src":"","width":0,"height":0},"classes":[]},{"id":10154,"url":"http:\/\/www.rockpixx.com\/wordpress\/previews-ubersicht\/","url_meta":{"origin":8018,"position":4},"title":"PreViews | \u00dcbersicht","author":"admin","date":"20. M\u00e4rz 2013","format":false,"excerpt":"Von diesen Veranstaltungen werden wir in der n\u00e4chsten Zeit berichten:","rel":"","context":"Mit 1 Kommentar","block_context":{"text":"Mit 1 Kommentar","link":"http:\/\/www.rockpixx.com\/wordpress\/previews-ubersicht\/#comments"},"img":{"alt_text":"","src":"","width":0,"height":0},"classes":[]},{"id":9035,"url":"http:\/\/www.rockpixx.com\/wordpress\/404-2\/","url_meta":{"origin":8018,"position":5},"title":"404","author":"admin","date":"13. Februar 2013","format":false,"excerpt":"Sorry, die gew\u00fcnschte Seite konnte nicht gefunden werden \u2013 vermutlich sind Sie einem veralteten Link gefolgt. Sorry, the page you requested couldn't be found \u2013 maybe you followed a broken link. \u2192 Hier geht's zur Startseite | Ok, take me to the Startpage... \u00a0 \u00a0","rel":"","context":"\u00c4hnlicher Beitrag","block_context":{"text":"\u00c4hnlicher Beitrag","link":""},"img":{"alt_text":"404 | sorry","src":"https:\/\/i0.wp.com\/rockpixx.com\/wordpress\/wp-content\/uploads\/2013\/02\/404.jpg?resize=350%2C200","width":350,"height":200,"srcset":"https:\/\/i0.wp.com\/rockpixx.com\/wordpress\/wp-content\/uploads\/2013\/02\/404.jpg?resize=350%2C200 1x, https:\/\/i0.wp.com\/rockpixx.com\/wordpress\/wp-content\/uploads\/2013\/02\/404.jpg?resize=525%2C300 1.5x, https:\/\/i0.wp.com\/rockpixx.com\/wordpress\/wp-content\/uploads\/2013\/02\/404.jpg?resize=700%2C400 2x"},"classes":[]}],"jetpack_sharing_enabled":false,"publishpress_future_action":{"enabled":false,"date":"2026-05-19 21:55:12","action":"change-status","newStatus":"draft","terms":[],"taxonomy":"","extraData":[]},"publishpress_future_workflow_manual_trigger":{"enabledWorkflows":[]},"_links":{"self":[{"href":"http:\/\/www.rockpixx.com\/wordpress\/wp-json\/wp\/v2\/pages\/8018","targetHints":{"allow":["GET"]}}],"collection":[{"href":"http:\/\/www.rockpixx.com\/wordpress\/wp-json\/wp\/v2\/pages"}],"about":[{"href":"http:\/\/www.rockpixx.com\/wordpress\/wp-json\/wp\/v2\/types\/page"}],"author":[{"embeddable":true,"href":"http:\/\/www.rockpixx.com\/wordpress\/wp-json\/wp\/v2\/users\/1"}],"replies":[{"embeddable":true,"href":"http:\/\/www.rockpixx.com\/wordpress\/wp-json\/wp\/v2\/comments?post=8018"}],"version-history":[{"count":0,"href":"http:\/\/www.rockpixx.com\/wordpress\/wp-json\/wp\/v2\/pages\/8018\/revisions"}],"wp:attachment":[{"href":"http:\/\/www.rockpixx.com\/wordpress\/wp-json\/wp\/v2\/media?parent=8018"}],"curies":[{"name":"wp","href":"https:\/\/api.w.org\/{rel}","templated":true}]}}