{"id":91,"date":"2012-11-03T01:25:26","date_gmt":"2012-11-02T23:25:26","guid":{"rendered":"http:\/\/rockpixx.com\/wordpress\/?page_id=91"},"modified":"2012-12-05T01:12:56","modified_gmt":"2012-12-04T23:12:56","slug":"91-2","status":"publish","type":"page","link":"http:\/\/www.rockpixx.com\/wordpress\/","title":{"rendered":"rockpixx.com | premium concertpics"},"content":{"rendered":"","protected":false},"excerpt":{"rendered":"","protected":false},"author":1,"featured_media":2051,"parent":0,"menu_order":0,"comment_status":"closed","ping_status":"open","template":"template-home.php","meta":{"footnotes":""},"class_list":["post-91","page","type-page","status-publish","has-post-thumbnail","hentry"],"aioseo_notices":[],"jetpack-related-posts":[{"id":17536,"url":"http:\/\/www.rockpixx.com\/wordpress\/hinweis-zum-urheberrecht\/","url_meta":{"origin":91,"position":0},"title":"Hinweis zum Urheberrecht","author":"admin","date":"1. M\u00e4rz 2015","format":false,"excerpt":"Wir weisen darauf hin, dass unsere Bilder nicht beliebig und ungefragt weiterverwendet werdem d\u00fcrfen. Die hier auf http:\/\/rockpixx.com gezeigten Bilder d\u00fcrfen nur nach schriftlicher Zustimmung von rockpixx.com verwendet werden. Art und Umfang der Verwendung wird in der schriftlichen Zustimmung durch rockpixx.com geregelt und beschrieben. rockpixx.com beh\u00e4lt sich vor, gegen unrechtm\u00e4\u00dfige\u2026","rel":"","context":"\u00c4hnlicher Beitrag","block_context":{"text":"\u00c4hnlicher Beitrag","link":""},"img":{"alt_text":"","src":"","width":0,"height":0},"classes":[]},{"id":151,"url":"http:\/\/www.rockpixx.com\/wordpress\/chornologie\/","url_meta":{"origin":91,"position":1},"title":"Chronologie von rockpixx.com","author":"admin","date":"3. November 2012","format":false,"excerpt":"Alle \u00c4nderungen an rockpixx.com \u2013 von den Anf\u00e4ngen bis heute. Einfach per Drag and Drop in den gro\u00dfen Bereich der Tage (Slow-Scroll) oder in den unteren kleinen Bereich der Jahre (Fast-Scroll) die Maus bewegen! Bedeutung der Farben: Reviews und Bilder | Blogeintr\u00e4ge | Sondergalerien | Updates [similetimeline]","rel":"","context":"\u00c4hnlicher Beitrag","block_context":{"text":"\u00c4hnlicher Beitrag","link":""},"img":{"alt_text":"","src":"","width":0,"height":0},"classes":[]},{"id":147,"url":"http:\/\/www.rockpixx.com\/wordpress\/impressum\/","url_meta":{"origin":91,"position":2},"title":"Impressum","author":"admin","date":"3. November 2012","format":false,"excerpt":"rockpixx.com ist ein Gesch\u00e4ftsbereich von DOUBLE-A-DESIGN.","rel":"","context":"\u00c4hnlicher Beitrag","block_context":{"text":"\u00c4hnlicher Beitrag","link":""},"img":{"alt_text":"","src":"https:\/\/i0.wp.com\/www.rockpixx.com\/wordpress\/wp-content\/uploads\/2018\/05\/erecht24-siegel-impressum-rot.png?resize=350%2C200","width":350,"height":200},"classes":[]},{"id":8018,"url":"http:\/\/www.rockpixx.com\/wordpress\/rockpixx-com-das-team\/","url_meta":{"origin":91,"position":3},"title":"rockpixx.com | Das Team","author":"admin","date":"2. Februar 2013","format":false,"excerpt":"\u201eSee the music!\u201c \u2026 das ist unser Motto. Und diesem Motto stellen wir uns seit vielen Jahren jedes Mal, wenn wir im Graben oder auf einer B\u00fchne stehen: Irgendeine Kamera im Anschlag, voll konzentriert auf die Action im Sucher, dabei gleichzeitig mit dem anderen Auge das restliche Geschehen auf der\u2026","rel":"","context":"\u00c4hnlicher Beitrag","block_context":{"text":"\u00c4hnlicher Beitrag","link":""},"img":{"alt_text":"Alexander Hahl","src":"https:\/\/i0.wp.com\/rockpixx.com\/wordpress\/wp-content\/uploads\/2013\/02\/ah.jpg?resize=350%2C200","width":350,"height":200},"classes":[]},{"id":17713,"url":"http:\/\/www.rockpixx.com\/wordpress\/tree\/","url_meta":{"origin":91,"position":4},"title":"Tree","author":"admin","date":"22. M\u00e4rz 2015","format":false,"excerpt":"[pt_view id=\"6f0d53c296\"]","rel":"","context":"\u00c4hnlicher Beitrag","block_context":{"text":"\u00c4hnlicher Beitrag","link":""},"img":{"alt_text":"","src":"","width":0,"height":0},"classes":[]},{"id":12513,"url":"http:\/\/www.rockpixx.com\/wordpress\/hinweise-zum-datenschutz\/","url_meta":{"origin":91,"position":5},"title":"Hinweise zum Datenschutz","author":"admin","date":"30. Januar 2014","format":false,"excerpt":"","rel":"","context":"\u00c4hnlicher Beitrag","block_context":{"text":"\u00c4hnlicher Beitrag","link":""},"img":{"alt_text":"","src":"https:\/\/i0.wp.com\/www.rockpixx.com\/wordpress\/wp-content\/uploads\/2018\/05\/erecht24-siegel-datenschutz-rot.png?resize=350%2C200","width":350,"height":200},"classes":[]}],"jetpack_sharing_enabled":true,"publishpress_future_action":{"enabled":false,"date":"2026-05-10 05:25:34","action":"change-status","newStatus":"draft","terms":[],"taxonomy":"","extraData":[]},"publishpress_future_workflow_manual_trigger":{"enabledWorkflows":[]},"_links":{"self":[{"href":"http:\/\/www.rockpixx.com\/wordpress\/wp-json\/wp\/v2\/pages\/91","targetHints":{"allow":["GET"]}}],"collection":[{"href":"http:\/\/www.rockpixx.com\/wordpress\/wp-json\/wp\/v2\/pages"}],"about":[{"href":"http:\/\/www.rockpixx.com\/wordpress\/wp-json\/wp\/v2\/types\/page"}],"author":[{"embeddable":true,"href":"http:\/\/www.rockpixx.com\/wordpress\/wp-json\/wp\/v2\/users\/1"}],"replies":[{"embeddable":true,"href":"http:\/\/www.rockpixx.com\/wordpress\/wp-json\/wp\/v2\/comments?post=91"}],"version-history":[{"count":2,"href":"http:\/\/www.rockpixx.com\/wordpress\/wp-json\/wp\/v2\/pages\/91\/revisions"}],"predecessor-version":[{"id":22470,"href":"http:\/\/www.rockpixx.com\/wordpress\/wp-json\/wp\/v2\/pages\/91\/revisions\/22470"}],"wp:featuredmedia":[{"embeddable":true,"href":"http:\/\/www.rockpixx.com\/wordpress\/wp-json\/wp\/v2\/media\/2051"}],"wp:attachment":[{"href":"http:\/\/www.rockpixx.com\/wordpress\/wp-json\/wp\/v2\/media?parent=91"}],"curies":[{"name":"wp","href":"https:\/\/api.w.org\/{rel}","templated":true}]}}